{"id":109,"date":"2021-11-13T01:40:22","date_gmt":"2021-11-13T01:40:22","guid":{"rendered":"https:\/\/wasingerlaw.ch\/?page_id=109"},"modified":"2021-12-22T20:14:17","modified_gmt":"2021-12-22T20:14:17","slug":"immobilien","status":"publish","type":"page","link":"https:\/\/wasingerlaw.ch\/index.php\/immobilien\/","title":{"rendered":"Immobilien"},"content":{"rendered":"\n<p><strong>Vermittlung und Verkauf von Bauland und Immobilien<\/strong>&nbsp;\u2013 Durchf\u00fchrung von Bieterverfahren (Verkauf an Meistbietenden), Erstellen der Verkaufsdokumentation sowie des Kaufvertrages (auch Pr\u00fcfung von extern erstellten Kaufvertr\u00e4gen), Verhandeln mit Beh\u00f6rden und Begleitung bei der \u00f6ffentlichen Beurkundung<\/p>\n\n\n\n<p><strong>\u00dcbertragung Liegenschaft &#8211; Nutzniessung \/ Wohnrecht<\/strong> <em>\u2013 <\/em>Erstellen notwendiger Vertr\u00e4ge zur \u00dcbertragung einer Immobilie z.B. auf Nachkommen unter Einr\u00e4umung der lebensl\u00e4nglichen Nutzniessung oder des Wohnrechts<\/p>\n\n\n\n<p><strong>Begr\u00fcndung und Verkauf von Stockwerkeigentum<\/strong>&nbsp;\u2013 Erstellen der Begr\u00fcndungsdokumente und des Reglements der Stockwerkeigent\u00fcmergemeinschaft (Nutzungs- und Verwaltungsordnung), Unterst\u00fctzung von Architekten und Generalunternehmern in Stockwerkeigentumsfragen, Ausarbeitung von Kaufvertr\u00e4gen<\/p>\n\n\n\n<p><strong>Steuerfragen<\/strong>:&nbsp;Abwicklung Deklaration Grundst\u00fcckgewinnsteuer<\/p>\n","protected":false},"excerpt":{"rendered":"<p>Vermittlung und Verkauf von Bauland und Immobilien&nbsp;\u2013 Durchf\u00fchrung von Bieterverfahren (Verkauf an Meistbietenden), Erstellen der Verkaufsdokumentation sowie des Kaufvertrages (auch Pr\u00fcfung von extern erstellten Kaufvertr\u00e4gen), Verhandeln mit Beh\u00f6rden und Begleitung bei der \u00f6ffentlichen Beurkundung \u00dcbertragung Liegenschaft &#8211; Nutzniessung \/ Wohnrecht \u2013 Erstellen notwendiger Vertr\u00e4ge zur \u00dcbertragung einer Immobilie z.B. auf Nachkommen unter Einr\u00e4umung der lebensl\u00e4nglichen <a href=\"https:\/\/wasingerlaw.ch\/index.php\/immobilien\/\" class=\"read-more inline\">Read More<\/a><\/p>\n","protected":false},"author":1,"featured_media":29,"parent":0,"menu_order":0,"comment_status":"closed","ping_status":"closed","template":"template-gutenberg.php","meta":{"footnotes":""},"class_list":["post-109","page","type-page","status-publish","has-post-thumbnail","hentry"],"aioseo_notices":[],"_links":{"self":[{"href":"https:\/\/wasingerlaw.ch\/index.php\/wp-json\/wp\/v2\/pages\/109","targetHints":{"allow":["GET"]}}],"collection":[{"href":"https:\/\/wasingerlaw.ch\/index.php\/wp-json\/wp\/v2\/pages"}],"about":[{"href":"https:\/\/wasingerlaw.ch\/index.php\/wp-json\/wp\/v2\/types\/page"}],"author":[{"embeddable":true,"href":"https:\/\/wasingerlaw.ch\/index.php\/wp-json\/wp\/v2\/users\/1"}],"replies":[{"embeddable":true,"href":"https:\/\/wasingerlaw.ch\/index.php\/wp-json\/wp\/v2\/comments?post=109"}],"version-history":[{"count":4,"href":"https:\/\/wasingerlaw.ch\/index.php\/wp-json\/wp\/v2\/pages\/109\/revisions"}],"predecessor-version":[{"id":235,"href":"https:\/\/wasingerlaw.ch\/index.php\/wp-json\/wp\/v2\/pages\/109\/revisions\/235"}],"wp:featuredmedia":[{"embeddable":true,"href":"https:\/\/wasingerlaw.ch\/index.php\/wp-json\/wp\/v2\/media\/29"}],"wp:attachment":[{"href":"https:\/\/wasingerlaw.ch\/index.php\/wp-json\/wp\/v2\/media?parent=109"}],"curies":[{"name":"wp","href":"https:\/\/api.w.org\/{rel}","templated":true}]}}