{"id":111,"date":"2021-11-13T01:41:28","date_gmt":"2021-11-13T01:41:28","guid":{"rendered":"https:\/\/wasingerlaw.ch\/?page_id=111"},"modified":"2021-12-22T17:09:00","modified_gmt":"2021-12-22T17:09:00","slug":"weitere-dienstleistungen","status":"publish","type":"page","link":"https:\/\/wasingerlaw.ch\/index.php\/weitere-dienstleistungen\/","title":{"rendered":"Weitere Dienstleistungen"},"content":{"rendered":"\n<p><strong>Patientenverf\u00fcgung&nbsp;<\/strong>&#8211; Ausarbeitung und \u00dcberpr\u00fcfung von Patientenverf\u00fcgungen<\/p>\n\n\n\n<p><strong>Vorsorgeauftrag&nbsp;<\/strong>&#8211; Regelung f\u00fcr umfassende Personen- und Verm\u00f6genssorge bei Urteilsunf\u00e4higkeit (anstelle der KESB), spezielle Vorkehrungen bei bestehender externer Verm\u00f6gensverwaltung, \u00dcbernahme Mandat als Vorsorgebeauftragte in Spezialf\u00e4llen<\/p>\n\n\n\n<p><strong>Vormundschaftliche Angelegenheiten<\/strong>&nbsp;&#8211; Regelung spezieller Vorkehrungen bei minderj\u00e4hrigen Kindern oder schutzbed\u00fcrftigen (z.B. dementen) Personen, Verhandlungen mit der Kindes- und Erwachsenenschutzbeh\u00f6rde (KESB)<\/p>\n\n\n\n<p><strong>Darlehens- und Schenkungsvertr\u00e4ge<\/strong> &#8211; Beratung und Ausarbeitung von Darlehens- und Schenkungsvertr\u00e4gen<\/p>\n\n\n\n<p><strong>Aktion\u00e4rbindungsvertr\u00e4ge \/ Gesellschaftervertr\u00e4ge &#8211;<\/strong> Erstellen von Spezialvertr\u00e4gen f\u00fcr Unternehmerfamilien und Gesellschafter<\/p>\n\n\n\n<p><strong>Family Office<\/strong>&nbsp;&#8211; \u00dcbernahme von Family Office\u2013Funktionen im Sinne der Vermittlung, Koordination und \u00dcberwachung verm\u00f6gensrechtlicher Angelegenheiten<\/p>\n\n\n\n<p><strong>Stiftungsrats-, Vorstands- und Verwaltungsratsmandate<\/strong>&nbsp;&#8211; Aus\u00fcbung von Stiftungsrats- und Vorstandsmandaten bei gemeinn\u00fctzigen Institutionen sowie von Verwaltungsratsmandaten in Schweizerischen und Internationalen Gesellschaften<\/p>\n\n\n\n<p><strong>Kurzeinsch\u00e4tzungen <\/strong>eines Sachverhaltes und Beurteilung der realistischen M\u00f6glichkeiten eines Klienten im Sinne einer Abw\u00e4gung zwischen Kosten und Nutzen<\/p>\n\n\n\n<p><strong>Sicher im Safe<\/strong>&nbsp;&#8211; M\u00f6glichkeit der Hinterlegung vertraulicher Dokumente wie Testamente, Ehevertr\u00e4ge, Schreiben an Nachkommen f\u00fcr den Todesfall in meinem bei der Bank gemieteten Schrankfach<\/p>\n\n\n\n<p><strong>Meetings \/ Besuche<\/strong>&nbsp;&#8211; Nach Wunsch Domizilbesuche bei Ihnen zu Hause oder Treffen bei mir in der Kanzlei sowie M\u00f6glichkeiten f\u00fcr Besprechungen an anderen Orten<\/p>\n\n\n\n<p><strong>Arbeitssprachen&nbsp;<\/strong>\u2013 meine Arbeitssprachen sind Deutsch und Englisch<\/p>\n","protected":false},"excerpt":{"rendered":"<p>Patientenverf\u00fcgung&nbsp;&#8211; Ausarbeitung und \u00dcberpr\u00fcfung von Patientenverf\u00fcgungen Vorsorgeauftrag&nbsp;&#8211; Regelung f\u00fcr umfassende Personen- und Verm\u00f6genssorge bei Urteilsunf\u00e4higkeit (anstelle der KESB), spezielle Vorkehrungen bei bestehender externer Verm\u00f6gensverwaltung, \u00dcbernahme Mandat als Vorsorgebeauftragte in Spezialf\u00e4llen Vormundschaftliche Angelegenheiten&nbsp;&#8211; Regelung spezieller Vorkehrungen bei minderj\u00e4hrigen Kindern oder schutzbed\u00fcrftigen (z.B. dementen) Personen, Verhandlungen mit der Kindes- und Erwachsenenschutzbeh\u00f6rde (KESB) Darlehens- und Schenkungsvertr\u00e4ge &#8211; Beratung <a href=\"https:\/\/wasingerlaw.ch\/index.php\/weitere-dienstleistungen\/\" class=\"read-more inline\">Read More<\/a><\/p>\n","protected":false},"author":1,"featured_media":308,"parent":0,"menu_order":0,"comment_status":"closed","ping_status":"closed","template":"template-gutenberg.php","meta":{"footnotes":""},"class_list":["post-111","page","type-page","status-publish","has-post-thumbnail","hentry"],"aioseo_notices":[],"_links":{"self":[{"href":"https:\/\/wasingerlaw.ch\/index.php\/wp-json\/wp\/v2\/pages\/111","targetHints":{"allow":["GET"]}}],"collection":[{"href":"https:\/\/wasingerlaw.ch\/index.php\/wp-json\/wp\/v2\/pages"}],"about":[{"href":"https:\/\/wasingerlaw.ch\/index.php\/wp-json\/wp\/v2\/types\/page"}],"author":[{"embeddable":true,"href":"https:\/\/wasingerlaw.ch\/index.php\/wp-json\/wp\/v2\/users\/1"}],"replies":[{"embeddable":true,"href":"https:\/\/wasingerlaw.ch\/index.php\/wp-json\/wp\/v2\/comments?post=111"}],"version-history":[{"count":4,"href":"https:\/\/wasingerlaw.ch\/index.php\/wp-json\/wp\/v2\/pages\/111\/revisions"}],"predecessor-version":[{"id":238,"href":"https:\/\/wasingerlaw.ch\/index.php\/wp-json\/wp\/v2\/pages\/111\/revisions\/238"}],"wp:featuredmedia":[{"embeddable":true,"href":"https:\/\/wasingerlaw.ch\/index.php\/wp-json\/wp\/v2\/media\/308"}],"wp:attachment":[{"href":"https:\/\/wasingerlaw.ch\/index.php\/wp-json\/wp\/v2\/media?parent=111"}],"curies":[{"name":"wp","href":"https:\/\/api.w.org\/{rel}","templated":true}]}}