{"id":25,"date":"2021-11-12T23:02:43","date_gmt":"2021-11-12T23:02:43","guid":{"rendered":"https:\/\/wasingerlaw.ch\/?page_id=25"},"modified":"2021-12-27T22:43:58","modified_gmt":"2021-12-27T22:43:58","slug":"was-mir-wichtig-ist","status":"publish","type":"page","link":"https:\/\/wasingerlaw.ch\/index.php\/was-mir-wichtig-ist\/","title":{"rendered":"Was mir wichtig ist"},"content":{"rendered":"\n<p>In meiner Arbeit konzentriere ich mich auf die individuellen, pers\u00f6nlichen Fragestellungen meiner Klienten und gehe gezielt auf ihre Bed\u00fcrfnisse ein. Meine Beratung basiert auf Vertrauen. Dieses Vertrauen soll in jedem einzelnen Fall aufgebaut werden und wachsen k\u00f6nnen. Es muss auf Gegenseitigkeit beruhen, denn Sie als meine Klientschaft m\u00fcssen genau wissen, was ich f\u00fcr Sie tun kann und wo Grenzen gegeben sind. Im Gegenzug muss ich davon ausgehen k\u00f6nnen, dass Sie mir alle notwendigen Informationen vermitteln, die als Grundlage meiner Beratung unabdingbar sind. Nur so k\u00f6nnen wir zusammen erfolgreich sein und kann ich Sie so beraten, dass Sie rundum zufrieden sind. Wenn wir gegenseitig Vertrauen aufbauen, steht einer langj\u00e4hrigen Partnerschaft nichts im Wege. Die rechtliche Begleitung einzelner Personen wie auch ganzer Familien \u00fcber Generationen hinweg ist etwas vom Erstrebenswertesten, das es f\u00fcr mich als Rechtsanw\u00e4ltin und Vertrauensperson gibt.<\/p>\n\n\n\n<p>Ich lege grossen Wert auf Respekt, Ehrlichkeit, Transparenz und Kostenbewusstsein. Es geht mir darum, m\u00f6glichst effizient und pragmatisch ein Problem zur vollsten Zufriedenheit meiner Kundschaft zu l\u00f6sen. Das gemeinsame Entwickeln der besten L\u00f6sung steht dabei im Vordergrund, wobei ich mich gerne auch als Coach und Sparring-Partner sehe. Auch bei nicht rein juristischen Themen k\u00f6nnen Sie auf meine Beratung und Unterst\u00fctzung z\u00e4hlen. Gerne bin ich zudem auch bereit abzukl\u00e4ren, ob es sich \u00fcberhaupt lohnt, in einer Sache einen Prozess zu f\u00fchren, oder ob nicht besser ein Vergleich anzustreben w\u00e4re.<\/p>\n\n\n\n<p>Die Aus\u00fcbung meines Berufes, dessen Standesregeln ich selbstverst\u00e4ndlich jederzeit einhalte, erfolgt in absoluter Unabh\u00e4ngigkeit und mit gr\u00f6sster Sorgfalt. Das Anwalts- und Berufsgeheimnis findet unbegrenzt und gegen\u00fcber jedermann Anwendung, d.h. Ihre Angaben werden durch mich absolut vertraulich und diskret behandelt.<\/p>\n","protected":false},"excerpt":{"rendered":"<p>In meiner Arbeit konzentriere ich mich auf die individuellen, pers\u00f6nlichen Fragestellungen meiner Klienten und gehe gezielt auf ihre Bed\u00fcrfnisse ein. Meine Beratung basiert auf Vertrauen. Dieses Vertrauen soll in jedem einzelnen Fall aufgebaut werden und wachsen k\u00f6nnen. Es muss auf Gegenseitigkeit beruhen, denn Sie als meine Klientschaft m\u00fcssen genau wissen, was ich f\u00fcr Sie tun <a href=\"https:\/\/wasingerlaw.ch\/index.php\/was-mir-wichtig-ist\/\" class=\"read-more inline\">Read More<\/a><\/p>\n","protected":false},"author":1,"featured_media":328,"parent":0,"menu_order":0,"comment_status":"closed","ping_status":"closed","template":"template-full-width-no-bottom-margin.php","meta":{"footnotes":""},"class_list":["post-25","page","type-page","status-publish","has-post-thumbnail","hentry"],"aioseo_notices":[],"_links":{"self":[{"href":"https:\/\/wasingerlaw.ch\/index.php\/wp-json\/wp\/v2\/pages\/25","targetHints":{"allow":["GET"]}}],"collection":[{"href":"https:\/\/wasingerlaw.ch\/index.php\/wp-json\/wp\/v2\/pages"}],"about":[{"href":"https:\/\/wasingerlaw.ch\/index.php\/wp-json\/wp\/v2\/types\/page"}],"author":[{"embeddable":true,"href":"https:\/\/wasingerlaw.ch\/index.php\/wp-json\/wp\/v2\/users\/1"}],"replies":[{"embeddable":true,"href":"https:\/\/wasingerlaw.ch\/index.php\/wp-json\/wp\/v2\/comments?post=25"}],"version-history":[{"count":3,"href":"https:\/\/wasingerlaw.ch\/index.php\/wp-json\/wp\/v2\/pages\/25\/revisions"}],"predecessor-version":[{"id":199,"href":"https:\/\/wasingerlaw.ch\/index.php\/wp-json\/wp\/v2\/pages\/25\/revisions\/199"}],"wp:featuredmedia":[{"embeddable":true,"href":"https:\/\/wasingerlaw.ch\/index.php\/wp-json\/wp\/v2\/media\/328"}],"wp:attachment":[{"href":"https:\/\/wasingerlaw.ch\/index.php\/wp-json\/wp\/v2\/media?parent=25"}],"curies":[{"name":"wp","href":"https:\/\/api.w.org\/{rel}","templated":true}]}}