{"id":33,"date":"2021-11-12T23:09:36","date_gmt":"2021-11-12T23:09:36","guid":{"rendered":"https:\/\/wasingerlaw.ch\/?page_id=33"},"modified":"2021-12-22T17:54:21","modified_gmt":"2021-12-22T17:54:21","slug":"erbschafts-und-vermoegensplanung","status":"publish","type":"page","link":"https:\/\/wasingerlaw.ch\/index.php\/erbschafts-und-vermoegensplanung\/","title":{"rendered":"Erbschafts- und Verm\u00f6gensplanung"},"content":{"rendered":"\n<p><strong>Umfassende Nachfolgeplanung<\/strong>&nbsp;f\u00fcr Einzelpersonen, Paare und Familien inklusive Ausarbeitung von Ehe- und Erbvertr\u00e4gen, Testamenten, Abschluss von speziellen Vorsorgepolicen, Lebensversicherungen, Vorkehrungen f\u00fcr m\u00f6gliche Demenz etc.<\/p>\n\n\n\n<p><strong>Eheg\u00fcterrechtliche Beratung<\/strong>&nbsp;\u2013 Ausarbeitung von Ehevertr\u00e4gen: Meistbeg\u00fcnstigung des Ehepartners mittels Vorschlagszuweisung, G\u00fctertrennung oder Vereinigung der Verm\u00f6gen (G\u00fctergemeinschaft), Wiederverheiratungs- und Demenzklausel<\/p>\n\n\n\n<p><strong>Erbrechtliche Beratung<\/strong>&nbsp;\u2013 Ausarbeitung von Erbvertr\u00e4gen zwischen zwei oder mehreren Parteien (z.B. Eltern mit Kindern), Erbverzichtsvertrag\/Erbauskauf, Erstellen von Testamenten (letztwilligen Verf\u00fcgungen) sowie Nachtr\u00e4gen zu Testamenten, auf Wunsch \u00dcbernahme des Mandats der Willensvollstreckerin, Pflichtteilsfragen unter Ber\u00fccksichtigung des neuen Erbrechts, Vor- und Nacherben-Einsetzung<\/p>\n\n\n\n<p><strong>Beratung von Konkubinatspaaren oder gleichgeschlechtlichen Paaren<\/strong>&nbsp;zwecks Regelung des Zusammenlebens sowie bestm\u00f6gliche gegenseitige finanzielle Absicherung (Konkubinatsvertrag, Partnerschaftsvertrag, Testamente, Lebensversicherungen, Registrierung bei Pensionskassen etc.)<\/p>\n\n\n\n<p><strong>Patchwork-Familien<\/strong>&nbsp;&#8211; umfassende Beratung f\u00fcr Ehepaare oder Lebenspartner, welche bereits einmal verheiratet waren und nun in einer Patchwork-Familie leben \u2013 legale Steueroptimierung mit Vor- und Nacherbschaftseinsetzung, Beachtung Pflichtteilsschutz leiblicher Nachkommen, Beg\u00fcnstigung von Stiefkindern etc.<\/p>\n\n\n\n<p><strong>Schenkungen \/ Erbvorbez\u00fcge<\/strong>&nbsp;&#8211; Beratung bei Schenkungen zu Lebzeiten, Vergabungen an gemeinn\u00fctzige Institutionen zu Lebzeiten und auf den Tod hin (Legate, Verm\u00e4chtnisse), \u00dcbertragung von Immobilien auf Nachkommen zu Lebzeiten<\/p>\n\n\n\n<p><strong>Gemeinn\u00fctzige Stiftungen<\/strong> &#8211; Errichtung und Verwaltung gemeinn\u00fctziger Stiftungen inklusive Statuten und Reglemente sowie auf Wunsch Einsitznahme in den Stiftungsrat<\/p>\n\n\n\n<p><strong>Internationale Strukturen<\/strong>&nbsp;&#8211; Errichtung und Begleitung von internationalen Strukturen wie Stiftungen und Trusts<\/p>\n","protected":false},"excerpt":{"rendered":"<p>Umfassende Nachfolgeplanung&nbsp;f\u00fcr Einzelpersonen, Paare und Familien inklusive Ausarbeitung von Ehe- und Erbvertr\u00e4gen, Testamenten, Abschluss von speziellen Vorsorgepolicen, Lebensversicherungen, Vorkehrungen f\u00fcr m\u00f6gliche Demenz etc. Eheg\u00fcterrechtliche Beratung&nbsp;\u2013 Ausarbeitung von Ehevertr\u00e4gen: Meistbeg\u00fcnstigung des Ehepartners mittels Vorschlagszuweisung, G\u00fctertrennung oder Vereinigung der Verm\u00f6gen (G\u00fctergemeinschaft), Wiederverheiratungs- und Demenzklausel Erbrechtliche Beratung&nbsp;\u2013 Ausarbeitung von Erbvertr\u00e4gen zwischen zwei oder mehreren Parteien (z.B. Eltern mit <a href=\"https:\/\/wasingerlaw.ch\/index.php\/erbschafts-und-vermoegensplanung\/\" class=\"read-more inline\">Read More<\/a><\/p>\n","protected":false},"author":1,"featured_media":316,"parent":0,"menu_order":0,"comment_status":"closed","ping_status":"closed","template":"template-full-width.php","meta":{"footnotes":""},"class_list":["post-33","page","type-page","status-publish","has-post-thumbnail","hentry"],"aioseo_notices":[],"_links":{"self":[{"href":"https:\/\/wasingerlaw.ch\/index.php\/wp-json\/wp\/v2\/pages\/33","targetHints":{"allow":["GET"]}}],"collection":[{"href":"https:\/\/wasingerlaw.ch\/index.php\/wp-json\/wp\/v2\/pages"}],"about":[{"href":"https:\/\/wasingerlaw.ch\/index.php\/wp-json\/wp\/v2\/types\/page"}],"author":[{"embeddable":true,"href":"https:\/\/wasingerlaw.ch\/index.php\/wp-json\/wp\/v2\/users\/1"}],"replies":[{"embeddable":true,"href":"https:\/\/wasingerlaw.ch\/index.php\/wp-json\/wp\/v2\/comments?post=33"}],"version-history":[{"count":5,"href":"https:\/\/wasingerlaw.ch\/index.php\/wp-json\/wp\/v2\/pages\/33\/revisions"}],"predecessor-version":[{"id":234,"href":"https:\/\/wasingerlaw.ch\/index.php\/wp-json\/wp\/v2\/pages\/33\/revisions\/234"}],"wp:featuredmedia":[{"embeddable":true,"href":"https:\/\/wasingerlaw.ch\/index.php\/wp-json\/wp\/v2\/media\/316"}],"wp:attachment":[{"href":"https:\/\/wasingerlaw.ch\/index.php\/wp-json\/wp\/v2\/media?parent=33"}],"curies":[{"name":"wp","href":"https:\/\/api.w.org\/{rel}","templated":true}]}}