{"id":35,"date":"2021-11-12T23:13:55","date_gmt":"2021-11-12T23:13:55","guid":{"rendered":"https:\/\/wasingerlaw.ch\/?page_id=35"},"modified":"2021-12-10T11:40:03","modified_gmt":"2021-12-10T11:40:03","slug":"willensvollstreckung-und-erbenvertretung","status":"publish","type":"page","link":"https:\/\/wasingerlaw.ch\/index.php\/willensvollstreckung-und-erbenvertretung\/","title":{"rendered":"Willensvollstreckung und Erbenvertretung"},"content":{"rendered":"\n<p><strong>Willensvollstreckung (Testamentsvollstreckung)<\/strong> Durchf\u00fchrung im Sinne der Nachlass-Abwicklung mit Gesamtverantwortung: Ermittlung und Sicherung aller Nachlassaktiven sowie Begleichung der Nachlasspassiven; Erstellen des Steuerinventars per Todestag sowie letzter Steuererkl\u00e4rung bis Todestag; Bezahlen von Erbschaftssteuern; Vertretung gegen\u00fcber Banken, Beh\u00f6rden (z.B. Gericht f\u00fcr Testamentser\u00f6ffnungsverf\u00fcgung, Erbenbescheinigung), und \u00c4mtern (z.B. Gemeinde- und kantonales Steueramt, Notariat bzw. Grundbuchamt); Information Krankenkasse, Versicherungsgesellschaften, Pensionskasse; K\u00fcndigung Telefon\/Radio\/TV sowie Abonnemente, Verkauf\/Verteilung Auto, Boot, Schmuck, Bilder- und M\u00fcnzensammlungen; Wohnungs- oder Hausr\u00e4umung, Verkauf bzw. Zuteilung von Liegenschaften\/Immobilien; Regelung Grabunterhalt etc.; Ausrichtung von Verm\u00e4chtnissen, Zustimmungserkl\u00e4rung Erben einholen, Durchf\u00fchrung und Abschluss der Erbteilung unter allen Erben (Erstellen der Liquidations- und Teilungsrechnung)<\/p>\n\n\n\n<p><strong>Vertretung einzelner Erben oder ganzer Erbengemeinschaften<\/strong>&nbsp;zur Durchf\u00fchrung der gesamten Erbteilung mit allen Aspekten der Willensvollstreckung oder auch nur in Einzelfragen, z. B. Durchsetzung Ihrer Rechte betreffend Versicherungsanspr\u00fcche, Pflichtteile und Erbvorbez\u00fcge sowie Suchen von Nachlassaktiven, Kl\u00e4rung von Steuerfragen oder Immobilienangelegenheiten<\/p>\n\n\n\n<p><strong>Erben-Coaching<\/strong>&nbsp;\u2013 auf Wunsch und nach Bedarf Besprechung einzelner Themen und Anliegen mit einzelnen Erben oder Erbengemeinschaften, sodass Nachlass selbst\u00e4ndig vollzogen werden kann (Erstellen einer Guideline)<\/p>\n\n\n\n<p><strong>Mediation in Erbschaftsangelegenheiten<\/strong>&nbsp;\u2013 Zusammenbringen und Vers\u00f6hnen der Erben im Hinblick auf den korrekten Vollzug einer Erbteilung<\/p>\n\n\n\n<p><\/p>\n","protected":false},"excerpt":{"rendered":"<p>Willensvollstreckung (Testamentsvollstreckung) Durchf\u00fchrung im Sinne der Nachlass-Abwicklung mit Gesamtverantwortung: Ermittlung und Sicherung aller Nachlassaktiven sowie Begleichung der Nachlasspassiven; Erstellen des Steuerinventars per Todestag sowie letzter Steuererkl\u00e4rung bis Todestag; Bezahlen von Erbschaftssteuern; Vertretung gegen\u00fcber Banken, Beh\u00f6rden (z.B. Gericht f\u00fcr Testamentser\u00f6ffnungsverf\u00fcgung, Erbenbescheinigung), und \u00c4mtern (z.B. Gemeinde- und kantonales Steueramt, Notariat bzw. Grundbuchamt); Information Krankenkasse, Versicherungsgesellschaften, Pensionskasse; K\u00fcndigung <a href=\"https:\/\/wasingerlaw.ch\/index.php\/willensvollstreckung-und-erbenvertretung\/\" class=\"read-more inline\">Read More<\/a><\/p>\n","protected":false},"author":1,"featured_media":32,"parent":0,"menu_order":0,"comment_status":"closed","ping_status":"closed","template":"template-gutenberg.php","meta":{"footnotes":""},"class_list":["post-35","page","type-page","status-publish","has-post-thumbnail","hentry"],"aioseo_notices":[],"_links":{"self":[{"href":"https:\/\/wasingerlaw.ch\/index.php\/wp-json\/wp\/v2\/pages\/35","targetHints":{"allow":["GET"]}}],"collection":[{"href":"https:\/\/wasingerlaw.ch\/index.php\/wp-json\/wp\/v2\/pages"}],"about":[{"href":"https:\/\/wasingerlaw.ch\/index.php\/wp-json\/wp\/v2\/types\/page"}],"author":[{"embeddable":true,"href":"https:\/\/wasingerlaw.ch\/index.php\/wp-json\/wp\/v2\/users\/1"}],"replies":[{"embeddable":true,"href":"https:\/\/wasingerlaw.ch\/index.php\/wp-json\/wp\/v2\/comments?post=35"}],"version-history":[{"count":14,"href":"https:\/\/wasingerlaw.ch\/index.php\/wp-json\/wp\/v2\/pages\/35\/revisions"}],"predecessor-version":[{"id":300,"href":"https:\/\/wasingerlaw.ch\/index.php\/wp-json\/wp\/v2\/pages\/35\/revisions\/300"}],"wp:featuredmedia":[{"embeddable":true,"href":"https:\/\/wasingerlaw.ch\/index.php\/wp-json\/wp\/v2\/media\/32"}],"wp:attachment":[{"href":"https:\/\/wasingerlaw.ch\/index.php\/wp-json\/wp\/v2\/media?parent=35"}],"curies":[{"name":"wp","href":"https:\/\/api.w.org\/{rel}","templated":true}]}}