{"id":89,"date":"2021-11-13T01:04:22","date_gmt":"2021-11-13T01:04:22","guid":{"rendered":"https:\/\/wasingerlaw.ch\/?page_id=89"},"modified":"2021-12-22T17:41:29","modified_gmt":"2021-12-22T17:41:29","slug":"aus-meiner-praxis","status":"publish","type":"page","link":"https:\/\/wasingerlaw.ch\/index.php\/aus-meiner-praxis\/","title":{"rendered":"Aus meiner Praxis"},"content":{"rendered":"\n<h3 class=\"wp-block-heading\">Beratung und Erbschaftsplanung<\/h3>\n\n\n\n<ul class=\"wp-block-list\"><li>Umfassende Planung f\u00fcr eine Familie mit minderj\u00e4hrigen Kindern: Erstellen von Ehevertrag (Vorschlagszuweisung) und Testamenten (Meistbeg\u00fcnstigung Ehepartner mit Teilungsvorschriften betr. Mobiliar und Wohneigentum zu Gunsten des Ehepartners), Schreiben an Vormundschaftsbeh\u00f6rde f\u00fcr Wunschvormund bei Todesfall beider Elternteile und Minderj\u00e4hrigkeit Kinder, Information an die Gemeinde sowie Erstellen von Patientenverf\u00fcgungen und Vorsorgeauftr\u00e4gen f\u00fcr beide Elternteile<\/li><\/ul>\n\n\n\n<ul class=\"wp-block-list\"><li>Erbrechtliche Beratung eines kinderlosen Ehepaares mit diversen Firmenbeteiligungen und Immobilien \u2013 Vererbung Verm\u00f6gen, Verm\u00e4chtnisse an Patenkinder sowie gemeinn\u00fctzige Vergabungen<\/li><\/ul>\n\n\n\n<ul class=\"wp-block-list\"><li>Beratung eines Konkubinatspaares betreffend bestm\u00f6gliche gegenseitige finanzielle Absicherung (Konkubinatsvertrag, Testamente, Lebensversicherungen, Registrierung bei Pensionskasse)<\/li><\/ul>\n\n\n\n<ul class=\"wp-block-list\"><li>Empfehlungen an eine \u00e4ltere Witwe betreffend Vergabungen zu Lebzeiten und mittels Errichtung eines Testaments auf den Tod hin an gemeinn\u00fctzige Institutionen; testamentarisches Festhalten diverser Auflagen und Bedingungen betreffend Verkauf ihrer Liegenschaft und Versteigerung ihrer Kunstsammlung<\/li><\/ul>\n\n\n\n<ul class=\"wp-block-list\"><li>Testamentsberatung f\u00fcr Ehegatten, welche beide zum zweiten Mal verheiratet sind und in einer Patchwork-Familie leben \u2013 legale Steueroptimierung mit Vor- und Nacherbeneinsetzung; Erreichen der Endsituation, dass die Verm\u00f6genswerte in der jeweiligen Ursprungsfamilie bleiben und gerecht an die Nachkommen \u00fcbertragen werden k\u00f6nnen<\/li><\/ul>\n\n\n\n<ul class=\"wp-block-list\"><li>Aufsetzen eines Vorsorgeauftrages f\u00fcr eine \u00e4ltere Person, welche im Begriffe ist, dement zu werden, in Kombination mit einer neuen Patientenverf\u00fcgung sowie erbrechtlichen Vorkehrungen (Testament)<\/li><\/ul>\n\n\n\n<h3 class=\"wp-block-heading\">Erbenvertretungen und Testaments-\/Willensvollstreckung<\/h3>\n\n\n\n<ul class=\"wp-block-list\"><li>Vertretung einer Erbengemeinschaft und Durchf\u00fchrung der Erbteilung mit Zuteilung einer Liegenschaft im Ausland, Verteilung von M\u00fcnzensammlung, wertvollen Bildern und Schmuck<\/li><\/ul>\n\n\n\n<ul class=\"wp-block-list\"><li>Beratung von Schweizer Erben in einem Nachlass mit Bezug zu Spanien (Liegenschaft in S\u00fcdspanien), Nachholen der nicht erfolgten g\u00fcterrechtlichen Auseinandersetzung nach fr\u00fcherer Scheidung des Erblassers, Verkauf der Liegenschaft und letztlich Verteilung der Erbschaft unter allen Erben<\/li><\/ul>\n\n\n\n<ul class=\"wp-block-list\"><li>Willensvollstreckung \u00fcber vier Jahre hinweg inklusive Verkauf von altem Bauernhaus und separatem Bauland, Verhandlungen mit Steueramt wegen viel zu hoher Erbschaftssteuer f\u00fcr die 7 jungen Miterben und Abschluss der Teilung<\/li><\/ul>\n\n\n\n<ul class=\"wp-block-list\"><li>Durchf\u00fchrung einer einfachen, kurzen Willensvollstreckung mit \u00dcbertragung des bisher gemeinsamen Hauses ins Alleineigentum der Witwe sowie Auszahlung von Verm\u00e4chtnissen an Patenkinder und Grosskinder<\/li><\/ul>\n\n\n\n<h3 class=\"wp-block-heading\">Internationale Sachverhalte<\/h3>\n\n\n\n<ul class=\"wp-block-list\"><li>Vertretung mehrerer Auslandschweizer mit Immobilienbesitz in der Schweiz und Erledigung der Steuerdeklarationen f\u00fcr deren beschr\u00e4nkte Steuerpflicht in der Schweiz<\/li><\/ul>\n\n\n\n<ul class=\"wp-block-list\"><li>Unterst\u00fctzung einer Erbengemeinschaft bei der Verteilung der ausl\u00e4ndischen Immobilien im Rahmen der Vorbereitung und Durchf\u00fchrung der Erbteilung<\/li><\/ul>\n\n\n\n<ul class=\"wp-block-list\"><li>Vertretung einer ausl\u00e4ndischen Stiftung zur Auffindung einer Beg\u00fcnstigten im Ausland inklusive Abkl\u00e4rung der Lebensumst\u00e4nde, des Finanzbedarfs, der beruflichen Situation und k\u00fcnftigen Pl\u00e4nen sowie zu steuerlichen Abkl\u00e4rungen, Empfehlungsschreiben Rentenzahlungen an Beg\u00fcnstigte oder Kapitalabfindung<\/li><\/ul>\n\n\n\n<ul class=\"wp-block-list\"><li>Erstellung und \u00dcberwachung einer internationalen Trust-Struktur f\u00fcr einen Grossunternehmer zur Nachfolgeregelung (reibungslose \u00dcbergabe an die 3 Kinder bei Tod) mit verschiedenen weltweit t\u00e4tigen Familien-Unternehmen (Hotels, Immobilienfirmen) und zur Konsolidierung dieser Verm\u00f6genswerte zu Lebzeiten<\/li><\/ul>\n\n\n\n<ul class=\"wp-block-list\"><li>Beratung und Umsetzung komplexer, internationaler Nachfolgeplanungs-Strukturen f\u00fcr zwei bekannte Sportler<\/li><\/ul>\n\n\n\n<h3 class=\"wp-block-heading\">Steuern und Immobilien<\/h3>\n\n\n\n<ul class=\"wp-block-list\"><li>Langj\u00e4hrige Begleitung und Vertretung von Familien und Einzelpersonen in Steuersachen: j\u00e4hrliches Erstellen der ordentlichen Steuererkl\u00e4rung (vorwiegend bei Besitz von Immobilien im In- und Ausland) und Kontrolle der Einsch\u00e4tzungsentscheide\/Veranlagungsverf\u00fcgungen mit allf\u00e4lligen Einspracheverfahren<\/li><\/ul>\n\n\n\n<ul class=\"wp-block-list\"><li>\u00dcbertragung eines Hauses zu Lebzeiten (im Sinne eines Erbvorbezugs) auf einen der Nachkommen mittels sehr detaillierten Vertrages; bei der Aufsetzung dieses Vertrags wurden ein R\u00fcckkaufsrecht f\u00fcr die Eltern sowie ein Vorkaufs- und Gewinnanteilsrecht f\u00fcr die Geschwister mit spezifischer Ermittlung des dannzumaligen m\u00f6glichen Gewinns unter Ber\u00fccksichtigung der k\u00fcnftigen Investitionen in die Immobilie, Grundst\u00fcckgewinnsteuern und Besitzesdauer vereinbart. Hinzu kam die Einigung \u00fcber die aktuelle Bewertung der Immobilie und deren Anerkennung, was k\u00fcnftig wichtig sein wird f\u00fcr die Ausgleichungspflicht des Bruders gegen\u00fcber seinen Geschwistern beim Ableben der Eltern.<\/li><\/ul>\n\n\n\n<ul class=\"wp-block-list\"><li>Mehrmalige Durchf\u00fchrung des Verkaufs einer Immobilie (Bauland, Land mit einem Abbruchobjekt, ein Rebberg, eine Wohnung im Stockwerkeigentum sowie ein Ladenlokal im Stockwerkeigentum etc.), jeweils mit umfassender Beratung, Erstellen der Verkaufsdokumentation, teilweiser Durchf\u00fchrung eines mehrstufigen Bieterverfahrens mit Verkauf an den Meistbietenden, Erstellen des Kaufvertrags und Begleitung bei der \u00f6ffentlichen Beurkundung sowie Abwicklung des Grundst\u00fcckgewinnsteuerverfahrens<\/li><\/ul>\n","protected":false},"excerpt":{"rendered":"<p>Beratung und Erbschaftsplanung Umfassende Planung f\u00fcr eine Familie mit minderj\u00e4hrigen Kindern: Erstellen von Ehevertrag (Vorschlagszuweisung) und Testamenten (Meistbeg\u00fcnstigung Ehepartner mit Teilungsvorschriften betr. Mobiliar und Wohneigentum zu Gunsten des Ehepartners), Schreiben an Vormundschaftsbeh\u00f6rde f\u00fcr Wunschvormund bei Todesfall beider Elternteile und Minderj\u00e4hrigkeit Kinder, Information an die Gemeinde sowie Erstellen von Patientenverf\u00fcgungen und Vorsorgeauftr\u00e4gen f\u00fcr beide Elternteile Erbrechtliche <a href=\"https:\/\/wasingerlaw.ch\/index.php\/aus-meiner-praxis\/\" class=\"read-more inline\">Read More<\/a><\/p>\n","protected":false},"author":1,"featured_media":315,"parent":0,"menu_order":0,"comment_status":"closed","ping_status":"closed","template":"template-gutenberg.php","meta":{"footnotes":""},"class_list":["post-89","page","type-page","status-publish","has-post-thumbnail","hentry"],"aioseo_notices":[],"_links":{"self":[{"href":"https:\/\/wasingerlaw.ch\/index.php\/wp-json\/wp\/v2\/pages\/89","targetHints":{"allow":["GET"]}}],"collection":[{"href":"https:\/\/wasingerlaw.ch\/index.php\/wp-json\/wp\/v2\/pages"}],"about":[{"href":"https:\/\/wasingerlaw.ch\/index.php\/wp-json\/wp\/v2\/types\/page"}],"author":[{"embeddable":true,"href":"https:\/\/wasingerlaw.ch\/index.php\/wp-json\/wp\/v2\/users\/1"}],"replies":[{"embeddable":true,"href":"https:\/\/wasingerlaw.ch\/index.php\/wp-json\/wp\/v2\/comments?post=89"}],"version-history":[{"count":4,"href":"https:\/\/wasingerlaw.ch\/index.php\/wp-json\/wp\/v2\/pages\/89\/revisions"}],"predecessor-version":[{"id":301,"href":"https:\/\/wasingerlaw.ch\/index.php\/wp-json\/wp\/v2\/pages\/89\/revisions\/301"}],"wp:featuredmedia":[{"embeddable":true,"href":"https:\/\/wasingerlaw.ch\/index.php\/wp-json\/wp\/v2\/media\/315"}],"wp:attachment":[{"href":"https:\/\/wasingerlaw.ch\/index.php\/wp-json\/wp\/v2\/media?parent=89"}],"curies":[{"name":"wp","href":"https:\/\/api.w.org\/{rel}","templated":true}]}}